{"id":291,"date":"2025-04-04T20:30:26","date_gmt":"2025-04-04T20:30:26","guid":{"rendered":"https:\/\/www.imende.com\/encuestas\/?page_id=291"},"modified":"2025-04-04T20:33:31","modified_gmt":"2025-04-04T20:33:31","slug":"entrega-de-certificado","status":"publish","type":"page","link":"https:\/\/www.imende.com\/encuestas\/entrega-de-certificado\/","title":{"rendered":"Entrega de certificado"},"content":{"rendered":"\t\t<div data-elementor-type=\"wp-page\" data-elementor-id=\"291\" class=\"elementor elementor-291\" data-elementor-post-type=\"page\">\n\t\t\t\t<div class=\"elementor-element elementor-element-13e6b954 e-flex e-con-boxed e-con e-parent\" data-id=\"13e6b954\" data-element_type=\"container\" data-settings=\"{&quot;background_background&quot;:&quot;classic&quot;}\">\n\t\t\t\t\t<div class=\"e-con-inner\">\n\t\t\t\t<div class=\"elementor-element elementor-element-713e107 elementor-widget__width-initial elementor-widget elementor-widget-theme-site-logo elementor-widget-image\" data-id=\"713e107\" data-element_type=\"widget\" data-widget_type=\"theme-site-logo.default\">\n\t\t\t\t<div class=\"elementor-widget-container\">\n\t\t\t\t\t\t\t\t\t\t\t<a href=\"https:\/\/www.imende.com\/\">\n\t\t\t<img fetchpriority=\"high\" decoding=\"async\" width=\"652\" height=\"367\" src=\"https:\/\/www.imende.com\/encuestas\/wp-content\/uploads\/2025\/04\/Logo_Imende.png\" class=\"attachment-full size-full wp-image-219\" alt=\"\" srcset=\"https:\/\/www.imende.com\/encuestas\/wp-content\/uploads\/2025\/04\/Logo_Imende.png 652w, https:\/\/www.imende.com\/encuestas\/wp-content\/uploads\/2025\/04\/Logo_Imende-300x169.png 300w\" sizes=\"(max-width: 652px) 100vw, 652px\" \/>\t\t\t\t<\/a>\n\t\t\t\t\t\t\t\t\t\t\t<\/div>\n\t\t\t\t<\/div>\n\t\t\t\t\t<\/div>\n\t\t\t\t<\/div>\n\t\t<div class=\"elementor-element elementor-element-462881fc e-con-full e-flex e-con e-parent\" data-id=\"462881fc\" data-element_type=\"container\" data-settings=\"{&quot;background_background&quot;:&quot;classic&quot;}\">\n\t\t<div class=\"elementor-element elementor-element-6a45d166 e-con-full e-flex e-con e-child\" data-id=\"6a45d166\" data-element_type=\"container\" data-settings=\"{&quot;background_background&quot;:&quot;classic&quot;}\">\n\t\t\t\t<div class=\"elementor-element elementor-element-35530c43 elementor-widget elementor-widget-heading\" data-id=\"35530c43\" data-element_type=\"widget\" data-widget_type=\"heading.default\">\n\t\t\t\t<div class=\"elementor-widget-container\">\n\t\t\t\t\t<h2 class=\"elementor-heading-title elementor-size-default\">Entrega de certificado<\/h2>\t\t\t\t<\/div>\n\t\t\t\t<\/div>\n\t\t\t\t<div class=\"elementor-element elementor-element-15ff3fdf elementor-button-align-stretch elementor-widget elementor-widget-form\" data-id=\"15ff3fdf\" data-element_type=\"widget\" data-settings=\"{&quot;step_next_label&quot;:&quot;Next&quot;,&quot;step_previous_label&quot;:&quot;Previous&quot;,&quot;step_type&quot;:&quot;number_text&quot;,&quot;step_icon_shape&quot;:&quot;circle&quot;}\" data-widget_type=\"form.default\">\n\t\t\t\t<div class=\"elementor-widget-container\">\n\t\t\t\t\t\t\t<form class=\"elementor-form\" method=\"post\" name=\"Aceptaci\u00f3n o Incumplimiento\">\n\t\t\t<input type=\"hidden\" name=\"post_id\" value=\"291\"\/>\n\t\t\t<input type=\"hidden\" name=\"form_id\" value=\"15ff3fdf\"\/>\n\t\t\t<input type=\"hidden\" name=\"referer_title\" value=\"Entrega de certificado\" \/>\n\n\t\t\t\t\t\t\t<input type=\"hidden\" name=\"queried_id\" value=\"291\"\/>\n\t\t\t\n\t\t\t<div class=\"elementor-form-fields-wrapper elementor-labels-above\">\n\t\t\t\t\t\t\t\t<div class=\"elementor-field-type-radio elementor-field-group elementor-column elementor-field-group-r1 elementor-col-100 elementor-field-required\">\n\t\t\t\t\t\t\t\t\t\t\t\t<label for=\"form-field-r1\" class=\"elementor-field-label\">\n\t\t\t\t\t\t\t\t1. \u00bfSe cumplieron los plazos acordados?\t\t\t\t\t\t\t<\/label>\n\t\t\t\t\t\t<div class=\"elementor-field-subgroup  elementor-subgroup-inline\"><span class=\"elementor-field-option\"><input type=\"radio\" value=\"Excelente\" id=\"form-field-r1-0\" name=\"form_fields[r1]\" required=\"required\"> <label for=\"form-field-r1-0\">Excelente<\/label><\/span><span class=\"elementor-field-option\"><input type=\"radio\" value=\"Buena\" id=\"form-field-r1-1\" name=\"form_fields[r1]\" required=\"required\"> <label for=\"form-field-r1-1\">Buena<\/label><\/span><span class=\"elementor-field-option\"><input type=\"radio\" value=\"Regular\" id=\"form-field-r1-2\" name=\"form_fields[r1]\" required=\"required\"> <label for=\"form-field-r1-2\">Regular<\/label><\/span><span class=\"elementor-field-option\"><input type=\"radio\" value=\"Mala\" id=\"form-field-r1-3\" name=\"form_fields[r1]\" required=\"required\"> <label for=\"form-field-r1-3\">Mala<\/label><\/span><\/div>\t\t\t\t<\/div>\n\t\t\t\t\t\t\t\t<div class=\"elementor-field-type-radio elementor-field-group elementor-column elementor-field-group-r2 elementor-col-100 elementor-field-required\">\n\t\t\t\t\t\t\t\t\t\t\t\t<label for=\"form-field-r2\" class=\"elementor-field-label\">\n\t\t\t\t\t\t\t\t2. \u00bfUsted como considera que fue la Atenci\u00f3n Del Personal De Apoyo Del Imende, A.C.?\t\t\t\t\t\t\t<\/label>\n\t\t\t\t\t\t<div class=\"elementor-field-subgroup  elementor-subgroup-inline\"><span class=\"elementor-field-option\"><input type=\"radio\" value=\"Excelente\" id=\"form-field-r2-0\" name=\"form_fields[r2]\" required=\"required\"> <label for=\"form-field-r2-0\">Excelente<\/label><\/span><span class=\"elementor-field-option\"><input type=\"radio\" value=\"Buena\" id=\"form-field-r2-1\" name=\"form_fields[r2]\" required=\"required\"> <label for=\"form-field-r2-1\">Buena<\/label><\/span><span class=\"elementor-field-option\"><input type=\"radio\" value=\"Regular\" id=\"form-field-r2-2\" name=\"form_fields[r2]\" required=\"required\"> <label for=\"form-field-r2-2\">Regular<\/label><\/span><span class=\"elementor-field-option\"><input type=\"radio\" value=\"Mala\" id=\"form-field-r2-3\" name=\"form_fields[r2]\" required=\"required\"> <label for=\"form-field-r2-3\">Mala<\/label><\/span><\/div>\t\t\t\t<\/div>\n\t\t\t\t\t\t\t\t<div class=\"elementor-field-type-radio elementor-field-group elementor-column elementor-field-group-r3 elementor-col-100 elementor-field-required\">\n\t\t\t\t\t\t\t\t\t\t\t\t<label for=\"form-field-r3\" class=\"elementor-field-label\">\n\t\t\t\t\t\t\t\t3. \u00bfPara usted cu\u00e1n importante es que nuestra empresa cuente con la acreditaci\u00f3n ante ema como organismo de certificaci\u00f3n (ISO 17024)? \t\t\t\t\t\t\t<\/label>\n\t\t\t\t\t\t<div class=\"elementor-field-subgroup  elementor-subgroup-inline\"><span class=\"elementor-field-option\"><input type=\"radio\" value=\"Excelente\" id=\"form-field-r3-0\" name=\"form_fields[r3]\" required=\"required\"> <label for=\"form-field-r3-0\">Excelente<\/label><\/span><span class=\"elementor-field-option\"><input type=\"radio\" value=\"Buena\" id=\"form-field-r3-1\" name=\"form_fields[r3]\" required=\"required\"> <label for=\"form-field-r3-1\">Buena<\/label><\/span><span class=\"elementor-field-option\"><input type=\"radio\" value=\"Regular\" id=\"form-field-r3-2\" name=\"form_fields[r3]\" required=\"required\"> <label for=\"form-field-r3-2\">Regular<\/label><\/span><span class=\"elementor-field-option\"><input type=\"radio\" value=\"Mala\" id=\"form-field-r3-3\" name=\"form_fields[r3]\" required=\"required\"> <label for=\"form-field-r3-3\">Mala<\/label><\/span><\/div>\t\t\t\t<\/div>\n\t\t\t\t\t\t\t\t<div class=\"elementor-field-type-radio elementor-field-group elementor-column elementor-field-group-r4 elementor-col-100 elementor-field-required\">\n\t\t\t\t\t\t\t\t\t\t\t\t<label for=\"form-field-r4\" class=\"elementor-field-label\">\n\t\t\t\t\t\t\t\t4. \u00bfC\u00f3mo considera la calidad de nuestro servicio?\t\t\t\t\t\t\t<\/label>\n\t\t\t\t\t\t<div class=\"elementor-field-subgroup  elementor-subgroup-inline\"><span class=\"elementor-field-option\"><input type=\"radio\" value=\"Excelente\" id=\"form-field-r4-0\" name=\"form_fields[r4]\" required=\"required\"> <label for=\"form-field-r4-0\">Excelente<\/label><\/span><span class=\"elementor-field-option\"><input type=\"radio\" value=\"Buena\" id=\"form-field-r4-1\" name=\"form_fields[r4]\" required=\"required\"> <label for=\"form-field-r4-1\">Buena<\/label><\/span><span class=\"elementor-field-option\"><input type=\"radio\" value=\"Regular\" id=\"form-field-r4-2\" name=\"form_fields[r4]\" required=\"required\"> <label for=\"form-field-r4-2\">Regular<\/label><\/span><span class=\"elementor-field-option\"><input type=\"radio\" value=\"Mala\" id=\"form-field-r4-3\" name=\"form_fields[r4]\" required=\"required\"> <label for=\"form-field-r4-3\">Mala<\/label><\/span><\/div>\t\t\t\t<\/div>\n\t\t\t\t\t\t\t\t<div class=\"elementor-field-type-radio elementor-field-group elementor-column elementor-field-group-r5 elementor-col-100 elementor-field-required\">\n\t\t\t\t\t\t\t\t\t\t\t\t<label for=\"form-field-r5\" class=\"elementor-field-label\">\n\t\t\t\t\t\t\t\t5.El tiempo de entrega del Certificado, \u00bfusted como lo considera?\t\t\t\t\t\t\t<\/label>\n\t\t\t\t\t\t<div class=\"elementor-field-subgroup  elementor-subgroup-inline\"><span class=\"elementor-field-option\"><input type=\"radio\" value=\"Excelente\" id=\"form-field-r5-0\" name=\"form_fields[r5]\" required=\"required\"> <label for=\"form-field-r5-0\">Excelente<\/label><\/span><span class=\"elementor-field-option\"><input type=\"radio\" value=\"Buena\" id=\"form-field-r5-1\" name=\"form_fields[r5]\" required=\"required\"> <label for=\"form-field-r5-1\">Buena<\/label><\/span><span class=\"elementor-field-option\"><input type=\"radio\" value=\"Regular\" id=\"form-field-r5-2\" name=\"form_fields[r5]\" required=\"required\"> <label for=\"form-field-r5-2\">Regular<\/label><\/span><span class=\"elementor-field-option\"><input type=\"radio\" value=\"Mala\" id=\"form-field-r5-3\" name=\"form_fields[r5]\" required=\"required\"> <label for=\"form-field-r5-3\">Mala<\/label><\/span><\/div>\t\t\t\t<\/div>\n\t\t\t\t\t\t\t\t<div class=\"elementor-field-type-radio elementor-field-group elementor-column elementor-field-group-fr6 elementor-col-100 elementor-field-required\">\n\t\t\t\t\t\t\t\t\t\t\t\t<label for=\"form-field-fr6\" class=\"elementor-field-label\">\n\t\t\t\t\t\t\t\t6.La presentaci\u00f3n del Certificado, fue:\t\t\t\t\t\t\t<\/label>\n\t\t\t\t\t\t<div class=\"elementor-field-subgroup  elementor-subgroup-inline\"><span class=\"elementor-field-option\"><input type=\"radio\" value=\"Excelente\" id=\"form-field-fr6-0\" name=\"form_fields[fr6]\" required=\"required\"> <label for=\"form-field-fr6-0\">Excelente<\/label><\/span><span class=\"elementor-field-option\"><input type=\"radio\" value=\"Buena\" id=\"form-field-fr6-1\" name=\"form_fields[fr6]\" required=\"required\"> <label for=\"form-field-fr6-1\">Buena<\/label><\/span><span class=\"elementor-field-option\"><input type=\"radio\" value=\"Regular\" id=\"form-field-fr6-2\" name=\"form_fields[fr6]\" required=\"required\"> <label for=\"form-field-fr6-2\">Regular<\/label><\/span><span class=\"elementor-field-option\"><input type=\"radio\" value=\"Mala\" id=\"form-field-fr6-3\" name=\"form_fields[fr6]\" required=\"required\"> <label for=\"form-field-fr6-3\">Mala<\/label><\/span><\/div>\t\t\t\t<\/div>\n\t\t\t\t\t\t\t\t<div class=\"elementor-field-type-radio elementor-field-group elementor-column elementor-field-group-r7 elementor-col-100 elementor-field-required\">\n\t\t\t\t\t\t\t\t\t\t\t\t<label for=\"form-field-r7\" class=\"elementor-field-label\">\n\t\t\t\t\t\t\t\t7.En T\u00e9rminos Generales, \u00bfUsted se encuentra satisfecho con el servicio de certificaci\u00f3n?\t\t\t\t\t\t\t<\/label>\n\t\t\t\t\t\t<div class=\"elementor-field-subgroup  elementor-subgroup-inline\"><span class=\"elementor-field-option\"><input type=\"radio\" value=\"Excelente\" id=\"form-field-r7-0\" name=\"form_fields[r7]\" required=\"required\"> <label for=\"form-field-r7-0\">Excelente<\/label><\/span><span class=\"elementor-field-option\"><input type=\"radio\" value=\"Buena\" id=\"form-field-r7-1\" name=\"form_fields[r7]\" required=\"required\"> <label for=\"form-field-r7-1\">Buena<\/label><\/span><span class=\"elementor-field-option\"><input type=\"radio\" value=\"Regular\" id=\"form-field-r7-2\" name=\"form_fields[r7]\" required=\"required\"> <label for=\"form-field-r7-2\">Regular<\/label><\/span><span class=\"elementor-field-option\"><input type=\"radio\" value=\"Mala\" id=\"form-field-r7-3\" name=\"form_fields[r7]\" required=\"required\"> <label for=\"form-field-r7-3\">Mala<\/label><\/span><\/div>\t\t\t\t<\/div>\n\t\t\t\t\t\t\t\t<div class=\"elementor-field-type-textarea elementor-field-group elementor-column elementor-field-group-r8 elementor-col-100\">\n\t\t\t\t\t\t\t\t\t\t\t\t<label for=\"form-field-r8\" class=\"elementor-field-label\">\n\t\t\t\t\t\t\t\t8.- Comentarios o sugerencias:\t\t\t\t\t\t\t<\/label>\n\t\t\t\t\t\t<textarea class=\"elementor-field-textual elementor-field  elementor-size-md\" name=\"form_fields[r8]\" id=\"form-field-r8\" rows=\"3\"><\/textarea>\t\t\t\t<\/div>\n\t\t\t\t\t\t\t\t<div class=\"elementor-field-group elementor-column elementor-field-type-submit elementor-col-100 e-form__buttons\">\n\t\t\t\t\t<button class=\"elementor-button elementor-size-md elementor-animation-float\" type=\"submit\">\n\t\t\t\t\t\t<span class=\"elementor-button-content-wrapper\">\n\t\t\t\t\t\t\t\t\t\t\t\t\t\t\t\t\t\t\t\t\t\t<span class=\"elementor-button-text\">Enviar<\/span>\n\t\t\t\t\t\t\t\t\t\t\t\t\t<\/span>\n\t\t\t\t\t<\/button>\n\t\t\t\t<\/div>\n\t\t\t<\/div>\n\t\t<\/form>\n\t\t\t\t\t\t<\/div>\n\t\t\t\t<\/div>\n\t\t\t\t<\/div>\n\t\t\t\t<\/div>\n\t\t\t\t<\/div>\n\t\t","protected":false},"excerpt":{"rendered":"<p>Entrega de certificado<\/p>\n","protected":false},"author":1,"featured_media":0,"parent":0,"menu_order":0,"comment_status":"closed","ping_status":"closed","template":"elementor_canvas","meta":{"footnotes":""},"class_list":["post-291","page","type-page","status-publish","hentry"],"_links":{"self":[{"href":"https:\/\/www.imende.com\/encuestas\/wp-json\/wp\/v2\/pages\/291","targetHints":{"allow":["GET"]}}],"collection":[{"href":"https:\/\/www.imende.com\/encuestas\/wp-json\/wp\/v2\/pages"}],"about":[{"href":"https:\/\/www.imende.com\/encuestas\/wp-json\/wp\/v2\/types\/page"}],"author":[{"embeddable":true,"href":"https:\/\/www.imende.com\/encuestas\/wp-json\/wp\/v2\/users\/1"}],"replies":[{"embeddable":true,"href":"https:\/\/www.imende.com\/encuestas\/wp-json\/wp\/v2\/comments?post=291"}],"version-history":[{"count":7,"href":"https:\/\/www.imende.com\/encuestas\/wp-json\/wp\/v2\/pages\/291\/revisions"}],"predecessor-version":[{"id":299,"href":"https:\/\/www.imende.com\/encuestas\/wp-json\/wp\/v2\/pages\/291\/revisions\/299"}],"wp:attachment":[{"href":"https:\/\/www.imende.com\/encuestas\/wp-json\/wp\/v2\/media?parent=291"}],"curies":[{"name":"wp","href":"https:\/\/api.w.org\/{rel}","templated":true}]}}