{"id":285,"date":"2025-04-04T20:25:32","date_gmt":"2025-04-04T20:25:32","guid":{"rendered":"https:\/\/www.imende.com\/encuestas\/?page_id=285"},"modified":"2025-04-04T20:34:19","modified_gmt":"2025-04-04T20:34:19","slug":"carta-de-resultados-aprobatorios-o-no-aprobatorios","status":"publish","type":"page","link":"https:\/\/www.imende.com\/encuestas\/carta-de-resultados-aprobatorios-o-no-aprobatorios\/","title":{"rendered":"Carta de Resultados Aprobatorios o No aprobatorios"},"content":{"rendered":"\t\t<div data-elementor-type=\"wp-page\" data-elementor-id=\"285\" class=\"elementor elementor-285\" data-elementor-post-type=\"page\">\n\t\t\t\t<div class=\"elementor-element elementor-element-43c28c62 e-flex e-con-boxed e-con e-parent\" data-id=\"43c28c62\" data-element_type=\"container\" data-settings=\"{&quot;background_background&quot;:&quot;classic&quot;}\">\n\t\t\t\t\t<div class=\"e-con-inner\">\n\t\t\t\t<div class=\"elementor-element elementor-element-7ddaf8c elementor-widget__width-initial elementor-widget elementor-widget-theme-site-logo elementor-widget-image\" data-id=\"7ddaf8c\" data-element_type=\"widget\" data-widget_type=\"theme-site-logo.default\">\n\t\t\t\t<div class=\"elementor-widget-container\">\n\t\t\t\t\t\t\t\t\t\t\t<a href=\"https:\/\/www.imende.com\/\">\n\t\t\t<img fetchpriority=\"high\" decoding=\"async\" width=\"652\" height=\"367\" src=\"https:\/\/www.imende.com\/encuestas\/wp-content\/uploads\/2025\/04\/Logo_Imende.png\" class=\"attachment-full size-full wp-image-219\" alt=\"\" srcset=\"https:\/\/www.imende.com\/encuestas\/wp-content\/uploads\/2025\/04\/Logo_Imende.png 652w, https:\/\/www.imende.com\/encuestas\/wp-content\/uploads\/2025\/04\/Logo_Imende-300x169.png 300w\" sizes=\"(max-width: 652px) 100vw, 652px\" \/>\t\t\t\t<\/a>\n\t\t\t\t\t\t\t\t\t\t\t<\/div>\n\t\t\t\t<\/div>\n\t\t\t\t\t<\/div>\n\t\t\t\t<\/div>\n\t\t<div class=\"elementor-element elementor-element-1c2bb4c0 e-con-full e-flex e-con e-parent\" data-id=\"1c2bb4c0\" data-element_type=\"container\" data-settings=\"{&quot;background_background&quot;:&quot;classic&quot;}\">\n\t\t<div class=\"elementor-element elementor-element-78d24923 e-con-full e-flex e-con e-child\" data-id=\"78d24923\" data-element_type=\"container\" data-settings=\"{&quot;background_background&quot;:&quot;classic&quot;}\">\n\t\t\t\t<div class=\"elementor-element elementor-element-3f14c19 elementor-widget elementor-widget-heading\" data-id=\"3f14c19\" data-element_type=\"widget\" data-widget_type=\"heading.default\">\n\t\t\t\t<div class=\"elementor-widget-container\">\n\t\t\t\t\t<h2 class=\"elementor-heading-title elementor-size-default\">Carta de Resultados Aprobatorios o No aprobatorios<\/h2>\t\t\t\t<\/div>\n\t\t\t\t<\/div>\n\t\t\t\t<div class=\"elementor-element elementor-element-21dbf6be elementor-button-align-stretch elementor-widget elementor-widget-form\" data-id=\"21dbf6be\" data-element_type=\"widget\" data-settings=\"{&quot;step_next_label&quot;:&quot;Next&quot;,&quot;step_previous_label&quot;:&quot;Previous&quot;,&quot;step_type&quot;:&quot;number_text&quot;,&quot;step_icon_shape&quot;:&quot;circle&quot;}\" data-widget_type=\"form.default\">\n\t\t\t\t<div class=\"elementor-widget-container\">\n\t\t\t\t\t\t\t<form class=\"elementor-form\" method=\"post\" name=\"Aceptaci\u00f3n o Incumplimiento\">\n\t\t\t<input type=\"hidden\" name=\"post_id\" value=\"285\"\/>\n\t\t\t<input type=\"hidden\" name=\"form_id\" value=\"21dbf6be\"\/>\n\t\t\t<input type=\"hidden\" name=\"referer_title\" value=\"\" \/>\n\n\t\t\t\n\t\t\t<div class=\"elementor-form-fields-wrapper elementor-labels-above\">\n\t\t\t\t\t\t\t\t<div class=\"elementor-field-type-radio elementor-field-group elementor-column elementor-field-group-r1 elementor-col-100 elementor-field-required\">\n\t\t\t\t\t\t\t\t\t\t\t\t<label for=\"form-field-r1\" class=\"elementor-field-label\">\n\t\t\t\t\t\t\t\t1.Durante su estancia en las instalaciones de IMENDE, A.C., \u00bfUsted c\u00f3mo calificar\u00eda la atenci\u00f3n del personal? atenci\u00f3n telef\u00f3nica que recibi\u00f3?\t\t\t\t\t\t\t<\/label>\n\t\t\t\t\t\t<div class=\"elementor-field-subgroup  elementor-subgroup-inline\"><span class=\"elementor-field-option\"><input type=\"radio\" value=\"Excelente\" id=\"form-field-r1-0\" name=\"form_fields[r1]\" required=\"required\"> <label for=\"form-field-r1-0\">Excelente<\/label><\/span><span class=\"elementor-field-option\"><input type=\"radio\" value=\"Buena\" id=\"form-field-r1-1\" name=\"form_fields[r1]\" required=\"required\"> <label for=\"form-field-r1-1\">Buena<\/label><\/span><span class=\"elementor-field-option\"><input type=\"radio\" value=\"Regular\" id=\"form-field-r1-2\" name=\"form_fields[r1]\" required=\"required\"> <label for=\"form-field-r1-2\">Regular<\/label><\/span><span class=\"elementor-field-option\"><input type=\"radio\" value=\"Mala\" id=\"form-field-r1-3\" name=\"form_fields[r1]\" required=\"required\"> <label for=\"form-field-r1-3\">Mala<\/label><\/span><\/div>\t\t\t\t<\/div>\n\t\t\t\t\t\t\t\t<div class=\"elementor-field-type-radio elementor-field-group elementor-column elementor-field-group-r2 elementor-col-100 elementor-field-required\">\n\t\t\t\t\t\t\t\t\t\t\t\t<label for=\"form-field-r2\" class=\"elementor-field-label\">\n\t\t\t\t\t\t\t\t2. \u00bfLas preguntas e instrucciones de los ex\u00e1menes, fueron comprensibles y claras?\t\t\t\t\t\t\t<\/label>\n\t\t\t\t\t\t<div class=\"elementor-field-subgroup  elementor-subgroup-inline\"><span class=\"elementor-field-option\"><input type=\"radio\" value=\"Excelente\" id=\"form-field-r2-0\" name=\"form_fields[r2]\" required=\"required\"> <label for=\"form-field-r2-0\">Excelente<\/label><\/span><span class=\"elementor-field-option\"><input type=\"radio\" value=\"Buena\" id=\"form-field-r2-1\" name=\"form_fields[r2]\" required=\"required\"> <label for=\"form-field-r2-1\">Buena<\/label><\/span><span class=\"elementor-field-option\"><input type=\"radio\" value=\"Regular\" id=\"form-field-r2-2\" name=\"form_fields[r2]\" required=\"required\"> <label for=\"form-field-r2-2\">Regular<\/label><\/span><span class=\"elementor-field-option\"><input type=\"radio\" value=\"Mala\" id=\"form-field-r2-3\" name=\"form_fields[r2]\" required=\"required\"> <label for=\"form-field-r2-3\">Mala<\/label><\/span><\/div>\t\t\t\t<\/div>\n\t\t\t\t\t\t\t\t<div class=\"elementor-field-type-radio elementor-field-group elementor-column elementor-field-group-r3 elementor-col-100 elementor-field-required\">\n\t\t\t\t\t\t\t\t\t\t\t\t<label for=\"form-field-r3\" class=\"elementor-field-label\">\n\t\t\t\t\t\t\t\t3. \u00bfRecibi\u00f3 el material necesario para la realizaci\u00f3n de su examen o secci\u00f3n pr\u00e1ctica, incluyendo las muestras a inspeccionar?\t\t\t\t\t\t\t<\/label>\n\t\t\t\t\t\t<div class=\"elementor-field-subgroup  elementor-subgroup-inline\"><span class=\"elementor-field-option\"><input type=\"radio\" value=\"Excelente\" id=\"form-field-r3-0\" name=\"form_fields[r3]\" required=\"required\"> <label for=\"form-field-r3-0\">Excelente<\/label><\/span><span class=\"elementor-field-option\"><input type=\"radio\" value=\"Buena\" id=\"form-field-r3-1\" name=\"form_fields[r3]\" required=\"required\"> <label for=\"form-field-r3-1\">Buena<\/label><\/span><span class=\"elementor-field-option\"><input type=\"radio\" value=\"Regular\" id=\"form-field-r3-2\" name=\"form_fields[r3]\" required=\"required\"> <label for=\"form-field-r3-2\">Regular<\/label><\/span><span class=\"elementor-field-option\"><input type=\"radio\" value=\"Mala\" id=\"form-field-r3-3\" name=\"form_fields[r3]\" required=\"required\"> <label for=\"form-field-r3-3\">Mala<\/label><\/span><\/div>\t\t\t\t<\/div>\n\t\t\t\t\t\t\t\t<div class=\"elementor-field-type-radio elementor-field-group elementor-column elementor-field-group-r4 elementor-col-100 elementor-field-required\">\n\t\t\t\t\t\t\t\t\t\t\t\t<label for=\"form-field-r4\" class=\"elementor-field-label\">\n\t\t\t\t\t\t\t\t4. \u00bfC\u00f3mo considera el desempe\u00f1o del supervisor?\t\t\t\t\t\t\t<\/label>\n\t\t\t\t\t\t<div class=\"elementor-field-subgroup  elementor-subgroup-inline\"><span class=\"elementor-field-option\"><input type=\"radio\" value=\"Excelente\" id=\"form-field-r4-0\" name=\"form_fields[r4]\" required=\"required\"> <label for=\"form-field-r4-0\">Excelente<\/label><\/span><span class=\"elementor-field-option\"><input type=\"radio\" value=\"Buena\" id=\"form-field-r4-1\" name=\"form_fields[r4]\" required=\"required\"> <label for=\"form-field-r4-1\">Buena<\/label><\/span><span class=\"elementor-field-option\"><input type=\"radio\" value=\"Regular\" id=\"form-field-r4-2\" name=\"form_fields[r4]\" required=\"required\"> <label for=\"form-field-r4-2\">Regular<\/label><\/span><span class=\"elementor-field-option\"><input type=\"radio\" value=\"Mala\" id=\"form-field-r4-3\" name=\"form_fields[r4]\" required=\"required\"> <label for=\"form-field-r4-3\">Mala<\/label><\/span><\/div>\t\t\t\t<\/div>\n\t\t\t\t\t\t\t\t<div class=\"elementor-field-type-radio elementor-field-group elementor-column elementor-field-group-r5 elementor-col-100 elementor-field-required\">\n\t\t\t\t\t\t\t\t\t\t\t\t<label for=\"form-field-r5\" class=\"elementor-field-label\">\n\t\t\t\t\t\t\t\t5. \u00bfEl supervisor estuvo presente durante todo el tiempo de aplicaci\u00f3n de los ex\u00e1menes?\t\t\t\t\t\t\t<\/label>\n\t\t\t\t\t\t<div class=\"elementor-field-subgroup  elementor-subgroup-inline\"><span class=\"elementor-field-option\"><input type=\"radio\" value=\"Excelente\" id=\"form-field-r5-0\" name=\"form_fields[r5]\" required=\"required\"> <label for=\"form-field-r5-0\">Excelente<\/label><\/span><span class=\"elementor-field-option\"><input type=\"radio\" value=\"Buena\" id=\"form-field-r5-1\" name=\"form_fields[r5]\" required=\"required\"> <label for=\"form-field-r5-1\">Buena<\/label><\/span><span class=\"elementor-field-option\"><input type=\"radio\" value=\"Regular\" id=\"form-field-r5-2\" name=\"form_fields[r5]\" required=\"required\"> <label for=\"form-field-r5-2\">Regular<\/label><\/span><span class=\"elementor-field-option\"><input type=\"radio\" value=\"Mala\" id=\"form-field-r5-3\" name=\"form_fields[r5]\" required=\"required\"> <label for=\"form-field-r5-3\">Mala<\/label><\/span><\/div>\t\t\t\t<\/div>\n\t\t\t\t\t\t\t\t<div class=\"elementor-field-type-radio elementor-field-group elementor-column elementor-field-group-fr6 elementor-col-100 elementor-field-required\">\n\t\t\t\t\t\t\t\t\t\t\t\t<label for=\"form-field-fr6\" class=\"elementor-field-label\">\n\t\t\t\t\t\t\t\t6. \u00bfConsidera que son adecuadas las instalaciones y tiempos para la realizaci\u00f3n del proceso de certificaci\u00f3n?\t\t\t\t\t\t\t<\/label>\n\t\t\t\t\t\t<div class=\"elementor-field-subgroup  elementor-subgroup-inline\"><span class=\"elementor-field-option\"><input type=\"radio\" value=\"Excelente\" id=\"form-field-fr6-0\" name=\"form_fields[fr6]\" required=\"required\"> <label for=\"form-field-fr6-0\">Excelente<\/label><\/span><span class=\"elementor-field-option\"><input type=\"radio\" value=\"Buena\" id=\"form-field-fr6-1\" name=\"form_fields[fr6]\" required=\"required\"> <label for=\"form-field-fr6-1\">Buena<\/label><\/span><span class=\"elementor-field-option\"><input type=\"radio\" value=\"Regular\" id=\"form-field-fr6-2\" name=\"form_fields[fr6]\" required=\"required\"> <label for=\"form-field-fr6-2\">Regular<\/label><\/span><span class=\"elementor-field-option\"><input type=\"radio\" value=\"Mala\" id=\"form-field-fr6-3\" name=\"form_fields[fr6]\" required=\"required\"> <label for=\"form-field-fr6-3\">Mala<\/label><\/span><\/div>\t\t\t\t<\/div>\n\t\t\t\t\t\t\t\t<div class=\"elementor-field-type-radio elementor-field-group elementor-column elementor-field-group-r7 elementor-col-100 elementor-field-required\">\n\t\t\t\t\t\t\t\t\t\t\t\t<label for=\"form-field-r7\" class=\"elementor-field-label\">\n\t\t\t\t\t\t\t\t7. El acceso y comprensi\u00f3n de la plataforma para la realizaci\u00f3n del examen te\u00f3rico fue;\t\t\t\t\t\t\t<\/label>\n\t\t\t\t\t\t<div class=\"elementor-field-subgroup  elementor-subgroup-inline\"><span class=\"elementor-field-option\"><input type=\"radio\" value=\"Excelente\" id=\"form-field-r7-0\" name=\"form_fields[r7]\" required=\"required\"> <label for=\"form-field-r7-0\">Excelente<\/label><\/span><span class=\"elementor-field-option\"><input type=\"radio\" value=\"Buena\" id=\"form-field-r7-1\" name=\"form_fields[r7]\" required=\"required\"> <label for=\"form-field-r7-1\">Buena<\/label><\/span><span class=\"elementor-field-option\"><input type=\"radio\" value=\"Regular\" id=\"form-field-r7-2\" name=\"form_fields[r7]\" required=\"required\"> <label for=\"form-field-r7-2\">Regular<\/label><\/span><span class=\"elementor-field-option\"><input type=\"radio\" value=\"Mala\" id=\"form-field-r7-3\" name=\"form_fields[r7]\" required=\"required\"> <label for=\"form-field-r7-3\">Mala<\/label><\/span><\/div>\t\t\t\t<\/div>\n\t\t\t\t\t\t\t\t<div class=\"elementor-field-type-radio elementor-field-group elementor-column elementor-field-group-r8 elementor-col-100 elementor-field-required\">\n\t\t\t\t\t\t\t\t\t\t\t\t<label for=\"form-field-r8\" class=\"elementor-field-label\">\n\t\t\t\t\t\t\t\t8. La entrega de resultados fue r\u00e1pida, clara, completa, cumpli\u00f3 con los plazos y se ajust\u00f3 a sus necesidades;\t\t\t\t\t\t\t<\/label>\n\t\t\t\t\t\t<div class=\"elementor-field-subgroup  elementor-subgroup-inline\"><span class=\"elementor-field-option\"><input type=\"radio\" value=\"Excelente\" id=\"form-field-r8-0\" name=\"form_fields[r8]\" required=\"required\"> <label for=\"form-field-r8-0\">Excelente<\/label><\/span><span class=\"elementor-field-option\"><input type=\"radio\" value=\"Buena\" id=\"form-field-r8-1\" name=\"form_fields[r8]\" required=\"required\"> <label for=\"form-field-r8-1\">Buena<\/label><\/span><span class=\"elementor-field-option\"><input type=\"radio\" value=\"Regular\" id=\"form-field-r8-2\" name=\"form_fields[r8]\" required=\"required\"> <label for=\"form-field-r8-2\">Regular<\/label><\/span><span class=\"elementor-field-option\"><input type=\"radio\" value=\"Mala\" id=\"form-field-r8-3\" name=\"form_fields[r8]\" required=\"required\"> <label for=\"form-field-r8-3\">Mala<\/label><\/span><\/div>\t\t\t\t<\/div>\n\t\t\t\t\t\t\t\t<div class=\"elementor-field-type-textarea elementor-field-group elementor-column elementor-field-group-r9 elementor-col-100\">\n\t\t\t\t\t\t\t\t\t\t\t\t<label for=\"form-field-r9\" class=\"elementor-field-label\">\n\t\t\t\t\t\t\t\t9.- Comentarios o sugerencias:\t\t\t\t\t\t\t<\/label>\n\t\t\t\t\t\t<textarea class=\"elementor-field-textual elementor-field  elementor-size-md\" name=\"form_fields[r9]\" id=\"form-field-r9\" rows=\"3\"><\/textarea>\t\t\t\t<\/div>\n\t\t\t\t\t\t\t\t<div class=\"elementor-field-group elementor-column elementor-field-type-submit elementor-col-100 e-form__buttons\">\n\t\t\t\t\t<button class=\"elementor-button elementor-size-md elementor-animation-float\" type=\"submit\">\n\t\t\t\t\t\t<span class=\"elementor-button-content-wrapper\">\n\t\t\t\t\t\t\t\t\t\t\t\t\t\t\t\t\t\t\t\t\t\t<span class=\"elementor-button-text\">Enviar<\/span>\n\t\t\t\t\t\t\t\t\t\t\t\t\t<\/span>\n\t\t\t\t\t<\/button>\n\t\t\t\t<\/div>\n\t\t\t<\/div>\n\t\t<\/form>\n\t\t\t\t\t\t<\/div>\n\t\t\t\t<\/div>\n\t\t\t\t<\/div>\n\t\t\t\t<\/div>\n\t\t\t\t<\/div>\n\t\t","protected":false},"excerpt":{"rendered":"<p>Carta de Resultados Aprobatorios o No aprobatorios<\/p>\n","protected":false},"author":1,"featured_media":0,"parent":0,"menu_order":0,"comment_status":"closed","ping_status":"closed","template":"elementor_canvas","meta":{"footnotes":""},"class_list":["post-285","page","type-page","status-publish","hentry"],"_links":{"self":[{"href":"https:\/\/www.imende.com\/encuestas\/wp-json\/wp\/v2\/pages\/285","targetHints":{"allow":["GET"]}}],"collection":[{"href":"https:\/\/www.imende.com\/encuestas\/wp-json\/wp\/v2\/pages"}],"about":[{"href":"https:\/\/www.imende.com\/encuestas\/wp-json\/wp\/v2\/types\/page"}],"author":[{"embeddable":true,"href":"https:\/\/www.imende.com\/encuestas\/wp-json\/wp\/v2\/users\/1"}],"replies":[{"embeddable":true,"href":"https:\/\/www.imende.com\/encuestas\/wp-json\/wp\/v2\/comments?post=285"}],"version-history":[{"count":7,"href":"https:\/\/www.imende.com\/encuestas\/wp-json\/wp\/v2\/pages\/285\/revisions"}],"predecessor-version":[{"id":302,"href":"https:\/\/www.imende.com\/encuestas\/wp-json\/wp\/v2\/pages\/285\/revisions\/302"}],"wp:attachment":[{"href":"https:\/\/www.imende.com\/encuestas\/wp-json\/wp\/v2\/media?parent=285"}],"curies":[{"name":"wp","href":"https:\/\/api.w.org\/{rel}","templated":true}]}}